{"id":9360,"date":"2023-08-21T14:53:50","date_gmt":"2023-08-21T17:53:50","guid":{"rendered":"https:\/\/iboga.starpixel.com.br\/about-us\/"},"modified":"2025-05-30T10:29:55","modified_gmt":"2025-05-30T13:29:55","slug":"about-us","status":"publish","type":"page","link":"https:\/\/iboga.starpixel.com.br\/pt-br\/about-us\/","title":{"rendered":"About us"},"content":{"rendered":"\t\t<div data-elementor-type=\"wp-page\" data-elementor-id=\"9360\" class=\"elementor elementor-9360\" data-elementor-post-type=\"page\">\n\t\t\t\t<div class=\"elementor-element elementor-element-1c4c219 e-flex e-con-boxed e-con e-parent\" data-id=\"1c4c219\" data-element_type=\"container\" data-e-type=\"container\" data-settings=\"{&quot;background_background&quot;:&quot;classic&quot;}\">\n\t\t\t\t\t<div class=\"e-con-inner\">\n\t\t\t\t<div class=\"elementor-element elementor-element-f068924 etheme-parallax-scroll_effects elementor-widget elementor-widget-etheme_animated_headline\" data-id=\"f068924\" data-element_type=\"widget\" data-e-type=\"widget\" data-settings=\"{&quot;shape&quot;:&quot;custom&quot;,&quot;etheme_parallax_scroll_y&quot;:-80,&quot;etheme_parallax&quot;:&quot;yes&quot;,&quot;etheme_parallax_scroll_perspective&quot;:{&quot;unit&quot;:&quot;px&quot;,&quot;size&quot;:4000,&quot;sizes&quot;:[]},&quot;etheme_parallax_scroll_smoothness&quot;:{&quot;unit&quot;:&quot;px&quot;,&quot;size&quot;:50,&quot;sizes&quot;:[]},&quot;text_style&quot;:&quot;highlight&quot;,&quot;loop&quot;:&quot;yes&quot;,&quot;duration&quot;:{&quot;unit&quot;:&quot;px&quot;,&quot;size&quot;:&quot;&quot;,&quot;sizes&quot;:[]},&quot;etheme_parallax_type&quot;:&quot;scroll_effects&quot;,&quot;etheme_parallax_scroll_scale&quot;:{&quot;unit&quot;:&quot;px&quot;,&quot;size&quot;:1,&quot;sizes&quot;:[]},&quot;etheme_parallax_scroll_x&quot;:0,&quot;etheme_parallax_scroll_z&quot;:0,&quot;etheme_parallax_scroll_rotate&quot;:{&quot;unit&quot;:&quot;px&quot;,&quot;size&quot;:0,&quot;sizes&quot;:[]}}\" data-widget_type=\"etheme_animated_headline.default\">\n\t\t\t\t<div class=\"elementor-widget-container\">\n\t\t\t\t\t        \n        <div class=\"etheme-headline-wrapper\">\n            <h2 class=\"etheme-headline\" data-style=\"highlight\">\n\t\t                                <span class=\"etheme-headline-text-before\">\n\t                        Sobre                        <\/span>\n                                    <span class=\"etheme-headline-text-wrapper\">\n                \n\t\t        Iboga                \n                <\/span>\n                                    <span class=\"etheme-headline-text-after\">\n                         Records                    <\/span>\n                            <\/h2>\n        <\/div>\n        \n\t\t\t\t\t\t<\/div>\n\t\t\t\t<\/div>\n\t\t\t\t\t<\/div>\n\t\t\t\t<\/div>\n\t\t\t\t<section class=\"elementor-section elementor-top-section elementor-element elementor-element-6f4ee97 elementor-section-content-middle elementor-section-stretched elementor-section-boxed elementor-section-height-default elementor-section-height-default\" data-id=\"6f4ee97\" data-element_type=\"section\" data-e-type=\"section\" data-settings=\"{&quot;stretch_section&quot;:&quot;section-stretched&quot;}\">\n\t\t\t\t\t\t<div class=\"elementor-container elementor-column-gap-custom\">\n\t\t\t\t\t<div class=\"elementor-column elementor-col-50 elementor-top-column elementor-element elementor-element-2863598\" data-id=\"2863598\" data-element_type=\"column\" data-e-type=\"column\">\n\t\t\t<div class=\"elementor-widget-wrap elementor-element-populated\">\n\t\t\t\t\t\t<div class=\"elementor-element elementor-element-4f76621 etheme-elementor-widget-loaded elementor-widget elementor-widget-image\" data-id=\"4f76621\" data-element_type=\"widget\" data-e-type=\"widget\" data-widget_type=\"image.default\">\n\t\t\t\t<div class=\"elementor-widget-container\">\n\t\t\t\t\t\t\t\t\t\t\t\t\t\t\t<img decoding=\"async\" width=\"500\" height=\"500\" src=\"https:\/\/iboga.starpixel.com.br\/wp-content\/uploads\/2024\/02\/wide_small_0B5A3350.jpg\" class=\"attachment-full size-full wp-image-3517\" alt=\"\" srcset=\"https:\/\/iboga.starpixel.com.br\/wp-content\/uploads\/2024\/02\/wide_small_0B5A3350.jpg 500w, https:\/\/iboga.starpixel.com.br\/wp-content\/uploads\/2024\/02\/wide_small_0B5A3350-300x300.jpg 300w, https:\/\/iboga.starpixel.com.br\/wp-content\/uploads\/2024\/02\/wide_small_0B5A3350-150x150.jpg 150w, https:\/\/iboga.starpixel.com.br\/wp-content\/uploads\/2024\/02\/wide_small_0B5A3350-100x100.jpg 100w, https:\/\/iboga.starpixel.com.br\/wp-content\/uploads\/2024\/02\/wide_small_0B5A3350-1x1.jpg 1w, https:\/\/iboga.starpixel.com.br\/wp-content\/uploads\/2024\/02\/wide_small_0B5A3350-10x10.jpg 10w\" sizes=\"(max-width: 500px) 100vw, 500px\" \/>\t\t\t\t\t\t\t\t\t\t\t\t\t\t\t<\/div>\n\t\t\t\t<\/div>\n\t\t\t\t\t<\/div>\n\t\t<\/div>\n\t\t\t\t<div class=\"elementor-column elementor-col-50 elementor-top-column elementor-element elementor-element-c47b5f4\" data-id=\"c47b5f4\" data-element_type=\"column\" data-e-type=\"column\">\n\t\t\t<div class=\"elementor-widget-wrap elementor-element-populated\">\n\t\t\t\t\t\t<div class=\"elementor-element elementor-element-7fa1c50 elementor-widget elementor-widget-etheme_animated_headline\" data-id=\"7fa1c50\" data-element_type=\"widget\" data-e-type=\"widget\" data-settings=\"{&quot;shape&quot;:&quot;custom&quot;,&quot;text_style&quot;:&quot;highlight&quot;,&quot;loop&quot;:&quot;yes&quot;,&quot;duration&quot;:{&quot;unit&quot;:&quot;px&quot;,&quot;size&quot;:&quot;&quot;,&quot;sizes&quot;:[]}}\" data-widget_type=\"etheme_animated_headline.default\">\n\t\t\t\t<div class=\"elementor-widget-container\">\n\t\t\t\t\t        \n        <div class=\"etheme-headline-wrapper\">\n            <h2 class=\"etheme-headline\" data-style=\"highlight\">\n\t\t                                <span class=\"etheme-headline-text-before\">\n\t                        Estamos com quase                         <\/span>\n                                    <span class=\"etheme-headline-text-wrapper\">\n                \n\t\t        27                \n                <\/span>\n                                    <span class=\"etheme-headline-text-after\">\n                        anos                    <\/span>\n                            <\/h2>\n        <\/div>\n        \n\t\t\t\t\t\t<\/div>\n\t\t\t\t<\/div>\n\t\t\t\t<div class=\"elementor-element elementor-element-72f35b3 elementor-widget elementor-widget-text-editor\" data-id=\"72f35b3\" data-element_type=\"widget\" data-e-type=\"widget\" data-widget_type=\"text-editor.default\">\n\t\t\t\t<div class=\"elementor-widget-container\">\n\t\t\t\t\t\t\t\t\t<p>O ano era 1997, e a grande \u00e1rvore da m\u00fasica eletr\u00f4nica continuava a se expandir e se ramificar em diversos galhos e suas tribos nativas. O trance psicod\u00e9lico estava em pleno auge, com seus chutes de bateria em staccato, BPMs elevados e padr\u00f5es de sintetizadores que expandiam a consci\u00eancia. Para alguns, era mais do que um estilo musical \u2013 representava um modo de vida. Assim foi para Emok e Banel, dois jovens DJs\/produtores dinamarqueses que mergulharam de cabe\u00e7a e se uniram em Copenhague para fundar o que se tornaria um dos selos mais duradouros e universalmente respeitados do underground do psy-trance. Ace Ventura, Liquid Soul, Captain Hook \u2013 apenas alguns dos superstars da cena que, ao longo dos anos, mantiveram-se fi\u00e9is ao calend\u00e1rio de lan\u00e7amentos do selo, sem jamais desviar do ethos de desenvolver novos artistas por meio da uni\u00e3o, colabora\u00e7\u00e3o e apoio inabal\u00e1vel. Em 2022, Emok e Banel ainda acordam todos os dias pensando em seus valores essenciais: conex\u00e3o, paix\u00e3o e, acima de tudo, entusiasmo pela vida. E, \u00e9 claro: batidas aceleradas, de fazer o cora\u00e7\u00e3o disparar, os p\u00e9s baterem no ch\u00e3o e a mente se expandir!<\/p>\t\t\t\t\t\t\t\t<\/div>\n\t\t\t\t<\/div>\n\t\t\t\t\t<\/div>\n\t\t<\/div>\n\t\t\t\t\t<\/div>\n\t\t<\/section>\n\t\t\t\t<\/div>\n\t\t","protected":false},"excerpt":{"rendered":"<p>Sobre Iboga Records Estamos com quase 27 anos O ano era 1997, e a grande \u00e1rvore da m\u00fasica eletr\u00f4nica continuava a se expandir e se&#8230;<\/p>\n","protected":false},"author":1,"featured_media":0,"parent":0,"menu_order":0,"comment_status":"closed","ping_status":"closed","template":"elementor_header_footer","meta":{"_acf_changed":false,"footnotes":""},"class_list":["post-9360","page","type-page","status-publish","hentry"],"acf":[],"_links":{"self":[{"href":"https:\/\/iboga.starpixel.com.br\/pt-br\/wp-json\/wp\/v2\/pages\/9360","targetHints":{"allow":["GET"]}}],"collection":[{"href":"https:\/\/iboga.starpixel.com.br\/pt-br\/wp-json\/wp\/v2\/pages"}],"about":[{"href":"https:\/\/iboga.starpixel.com.br\/pt-br\/wp-json\/wp\/v2\/types\/page"}],"author":[{"embeddable":true,"href":"https:\/\/iboga.starpixel.com.br\/pt-br\/wp-json\/wp\/v2\/users\/1"}],"replies":[{"embeddable":true,"href":"https:\/\/iboga.starpixel.com.br\/pt-br\/wp-json\/wp\/v2\/comments?post=9360"}],"version-history":[{"count":0,"href":"https:\/\/iboga.starpixel.com.br\/pt-br\/wp-json\/wp\/v2\/pages\/9360\/revisions"}],"wp:attachment":[{"href":"https:\/\/iboga.starpixel.com.br\/pt-br\/wp-json\/wp\/v2\/media?parent=9360"}],"curies":[{"name":"wp","href":"https:\/\/api.w.org\/{rel}","templated":true}]}}